{"id":31504,"date":"2024-08-19T21:59:37","date_gmt":"2024-08-19T19:59:37","guid":{"rendered":"https:\/\/arcars.be\/politique-en-matiere-de-cookies\/"},"modified":"2024-08-23T03:13:07","modified_gmt":"2024-08-23T01:13:07","slug":"politique-en-matiere-de-cookies","status":"publish","type":"page","link":"https:\/\/arcars.be\/fr\/politique-en-matiere-de-cookies\/","title":{"rendered":"Politique en mati\u00e8re de cookies"},"content":{"rendered":"\n<h2 class=\"wp-block-heading\"><strong>Politique en mati\u00e8re de cookies<\/strong><\/h2>\n\n<h3 class=\"wp-block-heading\">1. Introduction<\/h3>\n\n<p>Notre site web, info@arcars.be, utilise des cookies pour am\u00e9liorer votre exp\u00e9rience de navigation et nos services. La pr\u00e9sente politique en mati\u00e8re de cookies explique ce que sont les cookies, comment nous les utilisons et comment vous pouvez g\u00e9rer vos pr\u00e9f\u00e9rences en mati\u00e8re de cookies.<\/p>\n\n<h3 class=\"wp-block-heading\">2. Que sont les cookies ?<\/h3>\n\n<p>Les cookies sont de petits fichiers texte qui sont stock\u00e9s sur votre appareil lorsque vous visitez un site web. Ils aident le site web \u00e0 se souvenir de vos actions et de vos pr\u00e9f\u00e9rences au fil du temps, de sorte que vous n&#8217;ayez pas \u00e0 les saisir \u00e0 nouveau \u00e0 chaque visite.<\/p>\n\n<h3 class=\"wp-block-heading\">3. Types de cookies que nous utilisons<\/h3>\n\n<ul class=\"wp-block-list\">\n<li><strong>Cookies essentiels :<\/strong> Ces cookies sont n\u00e9cessaires au fonctionnement du site web et ne peuvent pas \u00eatre d\u00e9sactiv\u00e9s dans nos syst\u00e8mes.<\/li>\n\n\n\n<li><strong>Cookies analytiques\/de performance :<\/strong> Ces cookies nous permettent de suivre et d&#8217;analyser le comportement des utilisateurs sur notre site web, ce qui nous aide \u00e0 am\u00e9liorer ses performances.<\/li>\n\n\n\n<li><strong>Cookies fonctionnels :<\/strong> Ces cookies permettent d&#8217;am\u00e9liorer les fonctionnalit\u00e9s et la personnalisation, par exemple en m\u00e9morisant vos pr\u00e9f\u00e9rences.<\/li>\n\n\n\n<li><strong>Cookies de marketing :<\/strong> Ces cookies peuvent \u00eatre utilis\u00e9s pour fournir des publicit\u00e9s personnalis\u00e9es bas\u00e9es sur votre comportement de navigation.<\/li>\n<\/ul>\n\n<h3 class=\"wp-block-heading\">4. Comment nous utilisons les cookies<\/h3>\n\n<p>Nous utilisons des cookies pour :<\/p>\n\n<ul class=\"wp-block-list\">\n<li>M\u00e9moriser vos donn\u00e9es de connexion et vos pr\u00e9f\u00e9rences.<\/li>\n\n\n\n<li>Analyser le trafic et les interactions des utilisateurs afin d&#8217;am\u00e9liorer notre site web.<\/li>\n\n\n\n<li>Proposer des publicit\u00e9s cibl\u00e9es en fonction de vos centres d&#8217;int\u00e9r\u00eat.<\/li>\n<\/ul>\n\n<h3 class=\"wp-block-heading\">5. Gestion des cookies<\/h3>\n\n<p>Vous pouvez g\u00e9rer vos pr\u00e9f\u00e9rences en mati\u00e8re de cookies par le biais des param\u00e8tres de votre navigateur. Vous pouvez choisir de bloquer ou de supprimer les cookies, mais veuillez noter que certaines parties de notre site web peuvent ne pas fonctionner correctement si vous le faites.<\/p>\n\n<p>Pour plus d&#8217;informations sur la gestion des cookies, visitez le site info@arcars.be ou consultez la section d&#8217;aide de votre navigateur.<\/p>\n\n<h3 class=\"wp-block-heading\">6. Modifications de la pr\u00e9sente politique<\/h3>\n\n<p>Nous pouvons mettre \u00e0 jour la pr\u00e9sente politique en mati\u00e8re de cookies de temps \u00e0 autre. Toute modification sera publi\u00e9e sur cette page.<\/p>\n\n<h3 class=\"wp-block-heading\">7. Contactez nous<\/h3>\n\n<p>Si vous avez des questions sur notre utilisation des cookies, veuillez nous contacter \u00e0 l&#8217;adresse suivante :<\/p>\n\n<p>AR Cars<br\/>Sint-Laurentiusstraat 64, 9700 Oudenaarde<br\/>+32472974537<br\/>info@arcars.be<\/p>\n\n<p><\/p>\n","protected":false},"excerpt":{"rendered":"<p>Politique en mati\u00e8re de cookies 1. Introduction Notre site web, info@arcars.be, utilise des cookies pour am\u00e9liorer votre exp\u00e9rience de navigation et nos services. La pr\u00e9sente politique en mati\u00e8re de cookies explique ce que sont les cookies, comment nous les utilisons et comment vous pouvez g\u00e9rer vos pr\u00e9f\u00e9rences en mati\u00e8re de cookies. 2. Que sont les [&hellip;]<\/p>\n","protected":false},"author":1,"featured_media":0,"parent":0,"menu_order":0,"comment_status":"closed","ping_status":"closed","template":"","meta":{"footnotes":""},"class_list":["post-31504","page","type-page","status-publish","hentry"],"jetpack_sharing_enabled":true,"_links":{"self":[{"href":"https:\/\/arcars.be\/fr\/wp-json\/wp\/v2\/pages\/31504","targetHints":{"allow":["GET"]}}],"collection":[{"href":"https:\/\/arcars.be\/fr\/wp-json\/wp\/v2\/pages"}],"about":[{"href":"https:\/\/arcars.be\/fr\/wp-json\/wp\/v2\/types\/page"}],"author":[{"embeddable":true,"href":"https:\/\/arcars.be\/fr\/wp-json\/wp\/v2\/users\/1"}],"replies":[{"embeddable":true,"href":"https:\/\/arcars.be\/fr\/wp-json\/wp\/v2\/comments?post=31504"}],"version-history":[{"count":2,"href":"https:\/\/arcars.be\/fr\/wp-json\/wp\/v2\/pages\/31504\/revisions"}],"predecessor-version":[{"id":31506,"href":"https:\/\/arcars.be\/fr\/wp-json\/wp\/v2\/pages\/31504\/revisions\/31506"}],"wp:attachment":[{"href":"https:\/\/arcars.be\/fr\/wp-json\/wp\/v2\/media?parent=31504"}],"curies":[{"name":"wp","href":"https:\/\/api.w.org\/{rel}","templated":true}]}}