{"id":31514,"date":"2021-11-04T15:37:32","date_gmt":"2021-11-04T14:37:32","guid":{"rendered":"https:\/\/arcars.be\/contactez-nous\/"},"modified":"2024-08-28T18:14:17","modified_gmt":"2024-08-28T16:14:17","slug":"contact","status":"publish","type":"page","link":"https:\/\/arcars.be\/fr\/contact\/","title":{"rendered":"Contact"},"content":{"rendered":"\t\t<div data-elementor-type=\"wp-page\" data-elementor-id=\"31514\" class=\"elementor elementor-31514 elementor-1867\" data-elementor-post-type=\"page\">\n\t\t\t\t\t\t<section class=\"elementor-section elementor-top-section elementor-element elementor-element-2245e74 elementor-section-full_width elementor-section-height-default elementor-section-height-default qodef-elementor-content-no\" data-id=\"2245e74\" data-element_type=\"section\">\n\t\t\t\t\t\t<div class=\"elementor-container elementor-column-gap-default\">\n\t\t\t\t\t<div class=\"elementor-column elementor-col-100 elementor-top-column elementor-element elementor-element-e69222a\" data-id=\"e69222a\" data-element_type=\"column\">\n\t\t\t<div class=\"elementor-widget-wrap elementor-element-populated\">\n\t\t\t\t\t\t<div class=\"elementor-element elementor-element-ab925d3 elementor-widget elementor-widget-shiftup_core_google_map\" data-id=\"ab925d3\" data-element_type=\"widget\" data-widget_type=\"shiftup_core_google_map.default\">\n\t\t\t\t<div class=\"elementor-widget-container\">\n\t\t\t<div class=\"qodef-shortcode qodef-m  qodef-google-map\">\n\t<div class=\"qodef-m-map\" id=\"qodef-map-id--257\" data-addresses='[\"https:\/\/www.google.com\/maps\/dir\/\/West+Jakarta,+Duri+Kepa,+Kebonjeruk,+West+Jakarta+City,+%D0%8F%D0%B0%D0%BA%D0%B0%D1%80%D1%82%D0%B0+%D0%A0%D0%B0%D1%98%D0%B0,+%D0%98%D0%BD%D0%B4%D0%BE%D0%BD%D0%B5%D0%B7%D0%B8%D1%98%D0%B0\/@-6.1737142,106.7518517,15z\/data=!4m8!4m7!1m0!1m5!1m1!1s0x2e69f7adab21acdf:0x3ebcf830e9a8f195!2m2!1d106.7675267!2d-6.1705297\"]' data-pin=https:\/\/arcars.be\/wp-content\/uploads\/2022\/01\/map-pin.png data-unique-id=257 data-height=600><\/div>\n<\/div>\n\t\t<\/div>\n\t\t\t\t<\/div>\n\t\t\t\t\t<\/div>\n\t\t<\/div>\n\t\t\t\t\t<\/div>\n\t\t<\/section>\n\t\t\t\t<section class=\"elementor-section elementor-top-section elementor-element elementor-element-0e00f39 elementor-section-full_width qodef-elementor-content-grid elementor-section-height-default elementor-section-height-default\" data-id=\"0e00f39\" data-element_type=\"section\">\n\t\t\t\t\t\t<div class=\"elementor-container elementor-column-gap-default\">\n\t\t\t\t\t<div class=\"elementor-column elementor-col-50 elementor-top-column elementor-element elementor-element-decdc40 qodef-hover-links\" data-id=\"decdc40\" data-element_type=\"column\">\n\t\t\t<div class=\"elementor-widget-wrap elementor-element-populated\">\n\t\t\t\t\t\t<div class=\"elementor-element elementor-element-cabf4e4 elementor-widget elementor-widget-shiftup_core_section_title\" data-id=\"cabf4e4\" data-element_type=\"widget\" data-widget_type=\"shiftup_core_section_title.default\">\n\t\t\t\t<div class=\"elementor-widget-container\">\n\t\t\t<div class=\"qodef-shortcode qodef-m  qodef-section-title qodef-alignment--left \">\n\t\t<h2 class=\"qodef-m-title\" style=\"color: #EEEEEE\">\n\t\t\t\t\tContactez-nous\t\t\t<\/h2>\n\t\t<p class=\"qodef-m-text\" >Contactez AR Cars pour tous vos besoins automobiles \u00e0 Audenarde. Notre \u00e9quipe exp\u00e9riment\u00e9e est l\u00e0 pour r\u00e9pondre \u00e0 vos questions, planifier des rendez-vous d&#039;entretien et vous aider \u00e0 trouver le v\u00e9hicule id\u00e9al. Contactez-nous d\u00e8s aujourd&#039;hui<\/p>\n<\/div>\n\t\t<\/div>\n\t\t\t\t<\/div>\n\t\t\t\t<div class=\"elementor-element elementor-element-b3027ec elementor-widget elementor-widget-text-editor\" data-id=\"b3027ec\" data-element_type=\"widget\" data-widget_type=\"text-editor.default\">\n\t\t\t\t<div class=\"elementor-widget-container\">\n\t\t\t<style>\/*! elementor - v3.23.0 - 05-08-2024 *\/\n.elementor-widget-text-editor.elementor-drop-cap-view-stacked .elementor-drop-cap{background-color:#69727d;color:#fff}.elementor-widget-text-editor.elementor-drop-cap-view-framed .elementor-drop-cap{color:#69727d;border:3px solid;background-color:transparent}.elementor-widget-text-editor:not(.elementor-drop-cap-view-default) .elementor-drop-cap{margin-top:8px}.elementor-widget-text-editor:not(.elementor-drop-cap-view-default) .elementor-drop-cap-letter{width:1em;height:1em}.elementor-widget-text-editor .elementor-drop-cap{float:left;text-align:center;line-height:1;font-size:50px}.elementor-widget-text-editor .elementor-drop-cap-letter{display:inline-block}<\/style>\t\t\t\t<p style=\"margin-bottom: 10px;\">COORDONN\u00c9ES :<\/p><h2 style=\"margin-top: 0px; color: #fff;\"><span style=\"color: #ffffff;\"><a style=\"color: #ffffff;\" href=\"tel:+32472974537 ;\">+32 472 97 45 37<\/a><\/span><\/h2><h3 style=\"margin-top: 0px; color: #fff;\"><span style=\"color: #ffffff;\"><a style=\"color: #ffffff;\" href=\"mailto:INFO@ARCARS.BE ;\">info@ARCARS.BE<\/a><\/span><\/h3>\t\t\t\t\t\t<\/div>\n\t\t\t\t<\/div>\n\t\t\t\t<section class=\"elementor-section elementor-inner-section elementor-element elementor-element-d2221f3 elementor-section-full_width elementor-section-height-default elementor-section-height-default qodef-elementor-content-no\" data-id=\"d2221f3\" data-element_type=\"section\">\n\t\t\t\t\t\t<div class=\"elementor-container elementor-column-gap-default\">\n\t\t\t\t\t<div class=\"elementor-column elementor-col-100 elementor-inner-column elementor-element elementor-element-8168096\" data-id=\"8168096\" data-element_type=\"column\">\n\t\t\t<div class=\"elementor-widget-wrap elementor-element-populated\">\n\t\t\t\t\t\t<div class=\"elementor-element elementor-element-978aede elementor-widget elementor-widget-text-editor\" data-id=\"978aede\" data-element_type=\"widget\" data-widget_type=\"text-editor.default\">\n\t\t\t\t<div class=\"elementor-widget-container\">\n\t\t\t\t\t\t\t<p style=\"margin-bottom: 10px;\">NOTRE ADRESSE :<\/p>\n\n<h4 style=\"margin-top: 0px; color: #fff;\"><span style=\"color: #ffffff;\"><a style=\"color: #ffffff;\" href=\"https:\/\/www.google.com\/maps\/place\/Sint-Laurentiusstraat+64,+9700+Oudenaarde\/@50.8584139,3.6364348,17z\/data=!4m6!3m5!1s0x47c30e13a7526247:0x4164f0a962b181c5!8m2!3d50.8584139!4d3.6364348!16s%2Fg%2F11kq05316f?entry=ttu\" target=\"_blank\" rel=\"noopener\">SINT-LAURENTIUSSTRAAT 64, 9700 OUDENAARDE<\/a><\/span><\/h4>\t\t\t\t\t\t<\/div>\n\t\t\t\t<\/div>\n\t\t\t\t\t<\/div>\n\t\t<\/div>\n\t\t\t\t\t<\/div>\n\t\t<\/section>\n\t\t\t\t\t<\/div>\n\t\t<\/div>\n\t\t\t\t<div class=\"elementor-column elementor-col-50 elementor-top-column elementor-element elementor-element-0c6e458 qodef-skin-light\" data-id=\"0c6e458\" data-element_type=\"column\">\n\t\t\t<div class=\"elementor-widget-wrap elementor-element-populated\">\n\t\t\t\t\t\t<div class=\"elementor-element elementor-element-d48487d elementor-widget elementor-widget-wp-widget-shiftup_core_contact_form_7\" data-id=\"d48487d\" data-element_type=\"widget\" data-widget_type=\"wp-widget-shiftup_core_contact_form_7.default\">\n\t\t\t\t<div class=\"elementor-widget-container\">\n\t\t\t\t\t\t<div class=\"qodef-contact-form-7\">\n\t\t\t\t\n<div class=\"wpcf7 no-js\" id=\"wpcf7-f31570-o1\" lang=\"fr-FR\" dir=\"ltr\">\n<div class=\"screen-reader-response\"><p role=\"status\" aria-live=\"polite\" aria-atomic=\"true\"><\/p> <ul><\/ul><\/div>\n<form action=\"\/fr\/wp-json\/wp\/v2\/pages\/31514#wpcf7-f31570-o1\" method=\"post\" class=\"wpcf7-form init\" aria-label=\"Contact form\" novalidate=\"novalidate\" data-status=\"init\">\n<div style=\"display: none;\">\n<input type=\"hidden\" name=\"_wpcf7\" value=\"31570\" \/>\n<input type=\"hidden\" name=\"_wpcf7_version\" value=\"5.9.8\" \/>\n<input type=\"hidden\" name=\"_wpcf7_locale\" value=\"fr_FR\" \/>\n<input type=\"hidden\" name=\"_wpcf7_unit_tag\" value=\"wpcf7-f31570-o1\" \/>\n<input type=\"hidden\" name=\"_wpcf7_container_post\" value=\"0\" \/>\n<input type=\"hidden\" name=\"_wpcf7_posted_data_hash\" value=\"\" \/>\n<\/div>\n<div class=\"qodef-contact-form\"><label>  Votre nom  [wpmlcf7-1-text* your-name] <\/label><label>  Votre email  <span class=\"wpcf7-form-control-wrap\" data-name=\"your-email\"><input size=\"40\" maxlength=\"400\" class=\"wpcf7-form-control wpcf7-email wpcf7-validates-as-required wpcf7-text wpcf7-validates-as-email\" aria-required=\"true\" aria-invalid=\"false\" value=\"\" type=\"email\" name=\"your-email\" \/><\/span> <\/label><label>  Message  <span class=\"wpcf7-form-control-wrap\" data-name=\"your-message\"><textarea cols=\"40\" rows=\"10\" maxlength=\"2000\" class=\"wpcf7-form-control wpcf7-textarea\" aria-invalid=\"false\" name=\"your-message\"><\/textarea><\/span> <\/label><button class=\"wpcf7-form-control wpcf7-submit qodef-button qodef-size--large qodef-layout--filled qodef-html--link qodef-m\" type=\"submit\"><span class=\"qodef-m-text\">Send<\/span><\/button>  Envoyer un message  [\/wpmlcf7-1-text]<\/div><div class=\"wpcf7-response-output\" aria-hidden=\"true\"><\/div>\n<\/form>\n<\/div>\n\t\t\t<\/div>\n\t\t\t\t\t<\/div>\n\t\t\t\t<\/div>\n\t\t\t\t\t<\/div>\n\t\t<\/div>\n\t\t\t\t\t<\/div>\n\t\t<\/section>\n\t\t<div class=\"elementor-element elementor-element-939034f e-flex e-con-boxed e-con e-parent\" data-id=\"939034f\" data-element_type=\"container\">\n\t\t\t\t\t<div class=\"e-con-inner\">\n\t\t\t\t<div class=\"elementor-element elementor-element-e8792ad elementor-widget elementor-widget-google_maps\" data-id=\"e8792ad\" data-element_type=\"widget\" data-widget_type=\"google_maps.default\">\n\t\t\t\t<div class=\"elementor-widget-container\">\n\t\t\t<style>\/*! elementor - v3.23.0 - 05-08-2024 *\/\n.elementor-widget-google_maps .elementor-widget-container{overflow:hidden}.elementor-widget-google_maps .elementor-custom-embed{line-height:0}.elementor-widget-google_maps iframe{height:300px}<\/style>\t\t<div class=\"elementor-custom-embed\">\n\t\t\t<iframe loading=\"lazy\"\n\t\t\t\t\tsrc=\"https:\/\/maps.google.com\/maps?q=ar%20cars%20oudenaarde&#038;t=m&#038;z=12&#038;output=embed&#038;iwloc=near\"\n\t\t\t\t\ttitle=\"ar cars oudenaarde\"\n\t\t\t\t\taria-label=\"ar cars oudenaarde\"\n\t\t\t><\/iframe>\n\t\t<\/div>\n\t\t\t\t<\/div>\n\t\t\t\t<\/div>\n\t\t\t\t\t<\/div>\n\t\t\t\t<\/div>\n\t\t\t\t<\/div>\n\t\t","protected":false},"excerpt":{"rendered":"<p>Contactez-nous Contactez AR Cars pour tous vos besoins automobiles \u00e0 Audenarde. Notre \u00e9quipe exp\u00e9riment\u00e9e est l\u00e0 pour r\u00e9pondre \u00e0 vos questions, planifier des rendez-vous d&#039;entretien et vous aider \u00e0 trouver le v\u00e9hicule id\u00e9al. Contactez-nous d\u00e8s aujourd&#039;hui COORDONN\u00c9ES : +32 472 97 45 37 info@ARCARS.BE NOTRE ADRESSE : SINT-LAURENTIUSSTRAAT 64, 9700 OUDENAARDE<\/p>\n","protected":false},"author":1,"featured_media":0,"parent":0,"menu_order":0,"comment_status":"closed","ping_status":"closed","template":"page-full-width.php","meta":{"footnotes":""},"class_list":["post-31514","page","type-page","status-publish","hentry"],"jetpack_sharing_enabled":true,"_links":{"self":[{"href":"https:\/\/arcars.be\/fr\/wp-json\/wp\/v2\/pages\/31514","targetHints":{"allow":["GET"]}}],"collection":[{"href":"https:\/\/arcars.be\/fr\/wp-json\/wp\/v2\/pages"}],"about":[{"href":"https:\/\/arcars.be\/fr\/wp-json\/wp\/v2\/types\/page"}],"author":[{"embeddable":true,"href":"https:\/\/arcars.be\/fr\/wp-json\/wp\/v2\/users\/1"}],"replies":[{"embeddable":true,"href":"https:\/\/arcars.be\/fr\/wp-json\/wp\/v2\/comments?post=31514"}],"version-history":[{"count":7,"href":"https:\/\/arcars.be\/fr\/wp-json\/wp\/v2\/pages\/31514\/revisions"}],"predecessor-version":[{"id":31847,"href":"https:\/\/arcars.be\/fr\/wp-json\/wp\/v2\/pages\/31514\/revisions\/31847"}],"wp:attachment":[{"href":"https:\/\/arcars.be\/fr\/wp-json\/wp\/v2\/media?parent=31514"}],"curies":[{"name":"wp","href":"https:\/\/api.w.org\/{rel}","templated":true}]}}