{"id":31529,"date":"2021-11-03T14:30:55","date_gmt":"2021-11-03T13:30:55","guid":{"rendered":"https:\/\/arcars.be\/a-propos-de-nous\/"},"modified":"2024-08-28T18:09:02","modified_gmt":"2024-08-28T16:09:02","slug":"nous","status":"publish","type":"page","link":"https:\/\/arcars.be\/fr\/nous\/","title":{"rendered":"nous"},"content":{"rendered":"\t\t<div data-elementor-type=\"wp-page\" data-elementor-id=\"31529\" class=\"elementor elementor-31529 elementor-1130\" data-elementor-post-type=\"page\">\n\t\t\t\t\t\t<section class=\"elementor-section elementor-top-section elementor-element elementor-element-9cf2593 elementor-section-full_width elementor-section-height-default elementor-section-height-default qodef-elementor-content-no\" data-id=\"9cf2593\" data-element_type=\"section\">\n\t\t\t\t\t\t<div class=\"elementor-container elementor-column-gap-default\">\n\t\t\t\t\t<div class=\"elementor-column elementor-col-100 elementor-top-column elementor-element elementor-element-55ea59d\" data-id=\"55ea59d\" data-element_type=\"column\">\n\t\t\t<div class=\"elementor-widget-wrap elementor-element-populated\">\n\t\t\t\t\t\t<div class=\"elementor-element elementor-element-4c9c5e5 elementor-widget elementor-widget-shiftup_core_single_image\" data-id=\"4c9c5e5\" data-element_type=\"widget\" data-widget_type=\"shiftup_core_single_image.default\">\n\t\t\t\t<div class=\"elementor-widget-container\">\n\t\t\t<div class=\"qodef-shortcode qodef-m  qodef-single-image qodef-layout--default    \">\n\t\t<div class=\"qodef-m-image\">\n\t\t\t\t\t<img fetchpriority=\"high\" decoding=\"async\" width=\"2560\" height=\"1440\" src=\"https:\/\/arcars.be\/wp-content\/uploads\/2024\/07\/2024_0630_16595500-scaled.jpg\" class=\"attachment-full size-full\" alt=\"Ar cars owner with client\" srcset=\"https:\/\/arcars.be\/wp-content\/uploads\/2024\/07\/2024_0630_16595500-scaled.jpg 2560w, https:\/\/arcars.be\/wp-content\/uploads\/2024\/07\/2024_0630_16595500-300x169.jpg 300w, https:\/\/arcars.be\/wp-content\/uploads\/2024\/07\/2024_0630_16595500-1024x576.jpg 1024w, https:\/\/arcars.be\/wp-content\/uploads\/2024\/07\/2024_0630_16595500-768x432.jpg 768w, https:\/\/arcars.be\/wp-content\/uploads\/2024\/07\/2024_0630_16595500-1536x864.jpg 1536w, https:\/\/arcars.be\/wp-content\/uploads\/2024\/07\/2024_0630_16595500-2048x1152.jpg 2048w, https:\/\/arcars.be\/wp-content\/uploads\/2024\/07\/2024_0630_16595500-600x338.jpg 600w\" sizes=\"(max-width: 2560px) 100vw, 2560px\" \/>\t\t\t<\/div>\n\t\t<div class=\"qodef-e qodef-m-additional-image qodef-additional-image-605\" style=\"width: 40%;left: 5%;top: 10%\">\n\t\t<img decoding=\"async\" width=\"3513\" height=\"2736\" src=\"https:\/\/arcars.be\/wp-content\/uploads\/2024\/07\/AR-cars-logo-L-white.png\" class=\"attachment-full size-full\" alt=\"\" srcset=\"https:\/\/arcars.be\/wp-content\/uploads\/2024\/07\/AR-cars-logo-L-white.png 3513w, https:\/\/arcars.be\/wp-content\/uploads\/2024\/07\/AR-cars-logo-L-white-300x234.png 300w, https:\/\/arcars.be\/wp-content\/uploads\/2024\/07\/AR-cars-logo-L-white-1024x798.png 1024w, https:\/\/arcars.be\/wp-content\/uploads\/2024\/07\/AR-cars-logo-L-white-768x598.png 768w, https:\/\/arcars.be\/wp-content\/uploads\/2024\/07\/AR-cars-logo-L-white-1536x1196.png 1536w, https:\/\/arcars.be\/wp-content\/uploads\/2024\/07\/AR-cars-logo-L-white-2048x1595.png 2048w, https:\/\/arcars.be\/wp-content\/uploads\/2024\/07\/AR-cars-logo-L-white-600x467.png 600w\" sizes=\"(max-width: 3513px) 100vw, 3513px\" \/>\t<\/div>\n<\/div>\n\t\t<\/div>\n\t\t\t\t<\/div>\n\t\t\t\t\t<\/div>\n\t\t<\/div>\n\t\t\t\t\t<\/div>\n\t\t<\/section>\n\t\t\t\t<section class=\"elementor-section elementor-top-section elementor-element elementor-element-4c462a4 elementor-section-full_width qodef-btt-light elementor-section-height-default elementor-section-height-default qodef-elementor-content-no\" data-id=\"4c462a4\" data-element_type=\"section\">\n\t\t\t\t\t\t<div class=\"elementor-container elementor-column-gap-default\">\n\t\t\t\t\t<div class=\"elementor-column elementor-col-100 elementor-top-column elementor-element elementor-element-43745be\" data-id=\"43745be\" data-element_type=\"column\">\n\t\t\t<div class=\"elementor-widget-wrap elementor-element-populated\">\n\t\t\t\t\t\t<div class=\"elementor-element elementor-element-4ea1228 elementor-widget elementor-widget-shiftup_core_image_section_info\" data-id=\"4ea1228\" data-element_type=\"widget\" data-widget_type=\"shiftup_core_image_section_info.default\">\n\t\t\t\t<div class=\"elementor-widget-container\">\n\t\t\t<div class=\"qodef-shortcode qodef-m  qodef-image-section-info qodef-layout--info-on-image  qodef-image-default qodef--right  qodef--has-appear\">\n\t<div class=\"qodef-m-inner clear\">\n\t\t<div class=\"qodef-m-image\">\n\t<img decoding=\"async\" width=\"2560\" height=\"1440\" src=\"https:\/\/arcars.be\/wp-content\/uploads\/2024\/07\/2024_0630_16115500-scaled.jpg\" class=\"attachment-full size-full\" alt=\"Ar cars owner working under car\" srcset=\"https:\/\/arcars.be\/wp-content\/uploads\/2024\/07\/2024_0630_16115500-scaled.jpg 2560w, https:\/\/arcars.be\/wp-content\/uploads\/2024\/07\/2024_0630_16115500-300x169.jpg 300w, https:\/\/arcars.be\/wp-content\/uploads\/2024\/07\/2024_0630_16115500-1024x576.jpg 1024w, https:\/\/arcars.be\/wp-content\/uploads\/2024\/07\/2024_0630_16115500-768x432.jpg 768w, https:\/\/arcars.be\/wp-content\/uploads\/2024\/07\/2024_0630_16115500-1536x864.jpg 1536w, https:\/\/arcars.be\/wp-content\/uploads\/2024\/07\/2024_0630_16115500-2048x1152.jpg 2048w, https:\/\/arcars.be\/wp-content\/uploads\/2024\/07\/2024_0630_16115500-600x338.jpg 600w\" sizes=\"(max-width: 2560px) 100vw, 2560px\" \/><\/div>\n\t\t<div class=\"qodef-m-content\" style=\"background-color: #FFFFFF40;padding: 16.5% 6% 16.5% 15%\">\n\t\t\t<div class=\"qodef-m-content-inner\" style=\"background-color: #FFFFFF40;padding: 16.5% 6% 16.5% 15%\">\n\t\t\t\t\n\n\t\t\t\t\t<h2 class=\"qodef-m-title\" >Technicien certifi\u00e9<\/h2>\n\t\t\t\t\t<div class=\"qodef-m-text\" >Je suis Arthur, propri\u00e9taire et technicien certifi\u00e9 chez AR CARS. Je m'engage \u00e0 fournir des services automobiles exceptionnels. Gr\u00e2ce \u00e0 une formation approfondie et \u00e0 une expertise du secteur, je m'assure que votre v\u00e9hicule re\u00e7oit le plus haut niveau de soins. Qu'il s'agisse d'entretien de routine ou de r\u00e9parations complexes, vous pouvez me faire confiance pour que votre voiture fonctionne au mieux et pour assurer sa s\u00e9curit\u00e9.<\/div>\n\n\n\t\t\t\t\t<div class=\"qodef-m-button\">\n\t\t<a class=\"qodef-shortcode qodef-m  qodef-button qodef-layout--filled  qodef-html--link \" href=\"https:\/\/arcars.be\/fr\/nous\/\" target=\"_self\"  style=\"color: #FFFFFF;font-size: 15px\">\t\t<span class=\"qodef-m-text\">Contactez-nous<\/span><\/a>\t<\/div>\n\t\t\t<\/div>\n\t\t\t\t\t\t\t<span class=\"qodef-m-square qodef-top\" ><\/span>\n\t\t\t\t<span class=\"qodef-m-square qodef-bottom\" ><\/span>\n\t\t\t\t\t<\/div>\n\t<\/div>\n<\/div>\n\t\t<\/div>\n\t\t\t\t<\/div>\n\t\t\t\t\t<\/div>\n\t\t<\/div>\n\t\t\t\t\t<\/div>\n\t\t<\/section>\n\t\t<div class=\"elementor-element elementor-element-6d621b4 e-con-full qodef-btt-light e-flex e-con e-parent\" data-id=\"6d621b4\" data-element_type=\"container\">\n\t\t<div class=\"elementor-element elementor-element-34b3c5b e-con-full e-flex e-con e-child\" data-id=\"34b3c5b\" data-element_type=\"container\">\n\t\t\t\t<div class=\"elementor-element elementor-element-0a26aaa elementor-widget elementor-widget-shiftup_core_section_title\" data-id=\"0a26aaa\" data-element_type=\"widget\" data-widget_type=\"shiftup_core_section_title.default\">\n\t\t\t\t<div class=\"elementor-widget-container\">\n\t\t\t<div class=\"qodef-shortcode qodef-m  qodef-section-title qodef-alignment--left \">\n\t\t<h2 class=\"qodef-m-title\" >\n\t\t\t\t\tWhat our clients say\t\t\t<\/h2>\n\t<\/div>\n\t\t<\/div>\n\t\t\t\t<\/div>\n\t\t\t\t<\/div>\n\t\t\t\t<\/div>\n\t\t<div class=\"elementor-element elementor-element-555d5e2 e-flex e-con-boxed e-con e-parent\" data-id=\"555d5e2\" data-element_type=\"container\">\n\t\t\t\t\t<div class=\"e-con-inner\">\n\t\t\t\t<div class=\"elementor-element elementor-element-9ffbb03 elementor-pagination-type-bullets elementor-review--has-separator elementor--star-style-star_fontawesome elementor-widget elementor-widget-reviews\" data-id=\"9ffbb03\" data-element_type=\"widget\" data-settings=\"{&quot;slides_per_view&quot;:&quot;1&quot;,&quot;space_between&quot;:{&quot;unit&quot;:&quot;px&quot;,&quot;size&quot;:22,&quot;sizes&quot;:[]},&quot;pagination&quot;:&quot;bullets&quot;,&quot;speed&quot;:500,&quot;autoplay&quot;:&quot;yes&quot;,&quot;autoplay_speed&quot;:5000,&quot;loop&quot;:&quot;yes&quot;,&quot;pause_on_hover&quot;:&quot;yes&quot;,&quot;pause_on_interaction&quot;:&quot;yes&quot;,&quot;space_between_tablet&quot;:{&quot;unit&quot;:&quot;px&quot;,&quot;size&quot;:10,&quot;sizes&quot;:[]},&quot;space_between_mobile&quot;:{&quot;unit&quot;:&quot;px&quot;,&quot;size&quot;:10,&quot;sizes&quot;:[]}}\" data-widget_type=\"reviews.default\">\n\t\t\t\t<div class=\"elementor-widget-container\">\n\t\t\t<style>\/*! elementor - v3.23.0 - 05-08-2024 *\/\n@charset \"UTF-8\";.elementor-star-rating{color:#ccd6df;font-family:eicons;display:inline-block}.elementor-star-rating i{display:inline-block;position:relative;font-style:normal;cursor:default}.elementor-star-rating i:before{content:\"\\e934\";display:block;font-size:inherit;font-family:inherit;position:absolute;overflow:hidden;color:#f0ad4e;top:0;left:0}.elementor-star-rating .elementor-star-empty:before{content:none}.elementor-star-rating .elementor-star-1:before{width:10%}.elementor-star-rating .elementor-star-2:before{width:20%}.elementor-star-rating .elementor-star-3:before{width:30%}.elementor-star-rating .elementor-star-4:before{width:40%}.elementor-star-rating .elementor-star-5:before{width:50%}.elementor-star-rating .elementor-star-6:before{width:60%}.elementor-star-rating .elementor-star-7:before{width:70%}.elementor-star-rating .elementor-star-8:before{width:80%}.elementor-star-rating .elementor-star-9:before{width:90%}.elementor-star-rating__wrapper{display:flex;align-items:center}.elementor-star-rating__title{margin-inline-end:10px}.elementor-star-rating--align-right .elementor-star-rating__wrapper{text-align:right;justify-content:flex-end}.elementor-star-rating--align-left .elementor-star-rating__wrapper{text-align:left;justify-content:flex-start}.elementor-star-rating--align-center .elementor-star-rating__wrapper{text-align:center;justify-content:center}.elementor-star-rating--align-justify .elementor-star-rating__title{margin-inline-end:auto}@media (max-width:1024px){.elementor-star-rating-tablet--align-right .elementor-star-rating__wrapper{text-align:right;justify-content:flex-end}.elementor-star-rating-tablet--align-left .elementor-star-rating__wrapper{text-align:left;justify-content:flex-start}.elementor-star-rating-tablet--align-center .elementor-star-rating__wrapper{text-align:center;justify-content:center}.elementor-star-rating-tablet--align-justify .elementor-star-rating__title{margin-inline-end:auto}}@media (max-width:767px){.elementor-star-rating-mobile--align-right .elementor-star-rating__wrapper{text-align:right;justify-content:flex-end}.elementor-star-rating-mobile--align-left .elementor-star-rating__wrapper{text-align:left;justify-content:flex-start}.elementor-star-rating-mobile--align-center .elementor-star-rating__wrapper{text-align:center;justify-content:center}.elementor-star-rating-mobile--align-justify .elementor-star-rating__title{margin-inline-end:auto}}.last-star{letter-spacing:0}.elementor--star-style-star_unicode .elementor-star-rating{font-family:Arial,Helvetica,sans-serif}.elementor--star-style-star_unicode .elementor-star-rating i:not(.elementor-star-empty):before{content:\"\u2605\"}<\/style><link rel=\"stylesheet\" href=\"https:\/\/arcars.be\/wp-content\/plugins\/elementor-pro\/assets\/css\/widget-carousel.min.css?ver=1721218921\">\t\t<div class=\"elementor-swiper\">\n\t\t\t<div class=\"elementor-main-swiper swiper\">\n\t\t\t\t<div class=\"swiper-wrapper\">\n\t\t\t\t\t\t\t\t\t\t\t<div class=\"swiper-slide\">\n\t\t\t\t\t\t\t\t\t<div class=\"elementor-testimonial elementor-repeater-item-456ac91\">\n\t\t\t\t\t\t\t<div class=\"elementor-testimonial__header\">\n\t\t\t\t\t\t\t\t\t\t\t<div class=\"elementor-testimonial__image\">\n\t\t\t\t\t\t\t<img decoding=\"async\" src=\"https:\/\/lh3.googleusercontent.com\/a\/ACg8ocICAk0mijuEjQN9pmWv0u36LHWs_xodsuXFTtG-I4k__raaZEg=w54-h54-p-rp-mo-br100\" alt=\"Niels Gambino\">\n\t\t\t\t\t\t\t\t\t\t\t\t\t<\/div>\n\t\t\t\t\t\t\t\t\t\t<cite class=\"elementor-testimonial__cite\"><span class=\"elementor-testimonial__name\">Niels Gambino<\/span><div class=\"elementor-star-rating\"><i class=\"elementor-star-full\">&#xE934;<\/i><i class=\"elementor-star-full\">&#xE934;<\/i><i class=\"elementor-star-full\">&#xE934;<\/i><i class=\"elementor-star-full\">&#xE934;<\/i><i class=\"elementor-star-full\">&#xE934;<\/i><\/div><\/cite>\t\t\t\t\t<div class=\"elementor-testimonial__icon elementor-icon elementor-icon-google-plus\"><svg aria-hidden=\"true\" class=\"e-font-icon-svg e-fab-google-plus\" viewBox=\"0 0 512 512\" xmlns=\"http:\/\/www.w3.org\/2000\/svg\"><path d=\"M256,8C119.1,8,8,119.1,8,256S119.1,504,256,504,504,392.9,504,256,392.9,8,256,8ZM185.3,380a124,124,0,0,1,0-248c31.3,0,60.1,11,83,32.3l-33.6,32.6c-13.2-12.9-31.3-19.1-49.4-19.1-42.9,0-77.2,35.5-77.2,78.1S142.3,334,185.3,334c32.6,0,64.9-19.1,70.1-53.3H185.3V238.1H302.2a109.2,109.2,0,0,1,1.9,20.7c0,70.8-47.5,121.2-118.8,121.2ZM415.5,273.8v35.5H380V273.8H344.5V238.3H380V202.8h35.5v35.5h35.2v35.5Z\"><\/path><\/svg><span class=\"elementor-screen-only\">Lire plus<\/span><\/div>\t\t\t\t<\/div>\n\t\t\t\t\t\t\t\t\t\t<div class=\"elementor-testimonial__content\">\n\t\t\t\t\t<div class=\"elementor-testimonial__text\">\n\t\t\t\t\t\tUn garagiste sympathique et chaleureux ! Doet zijn best om naar het problem te luisteren and te kijken, gaat vervolgens meteen aan de slag. AANRADER !\t\t\t\t\t<\/div>\n\t\t\t\t<\/div>\n\t\t\t\t\t<\/div>\n\t\t\t\t\t\t\t\t<\/div>\n\t\t\t\t\t\t\t\t\t\t\t<div class=\"swiper-slide\">\n\t\t\t\t\t\t\t\t\t<div class=\"elementor-testimonial elementor-repeater-item-5beccd0\">\n\t\t\t\t\t\t\t<div class=\"elementor-testimonial__header\">\n\t\t\t\t\t\t\t\t\t\t\t<div class=\"elementor-testimonial__image\">\n\t\t\t\t\t\t\t<img decoding=\"async\" src=\"https:\/\/scontent.fbru5-1.fna.fbcdn.net\/v\/t1.18169-9\/13718667_1222499671101736_5922493695026986398_n.jpg?_nc_cat=106&amp;ccb=1-7&amp;_nc_sid=1d70fc&amp;_nc_ohc=HIKRLH4WXhQQ7kNvgFVU97C&amp;_nc_ht=scontent.fbru5-1.fna&amp;oh=00_AYAsg8ph7RFk5J9qQiWLL9upjXqitgKK-z8SH9GyvHFk4A&amp;oe=66C91091\" alt=\"Aram Djan\">\n\t\t\t\t\t\t\t\t\t\t\t\t\t<\/div>\n\t\t\t\t\t\t\t\t\t\t<cite class=\"elementor-testimonial__cite\"><span class=\"elementor-testimonial__name\">Aram Djan<\/span><div class=\"elementor-star-rating\"><i class=\"elementor-star-full\">&#xE934;<\/i><i class=\"elementor-star-full\">&#xE934;<\/i><i class=\"elementor-star-full\">&#xE934;<\/i><i class=\"elementor-star-full\">&#xE934;<\/i><i class=\"elementor-star-full\">&#xE934;<\/i><\/div><\/cite>\t\t\t\t\t<div class=\"elementor-testimonial__icon elementor-icon elementor-icon-facebook\"><svg aria-hidden=\"true\" class=\"e-font-icon-svg e-fab-facebook\" viewBox=\"0 0 512 512\" xmlns=\"http:\/\/www.w3.org\/2000\/svg\"><path d=\"M504 256C504 119 393 8 256 8S8 119 8 256c0 123.78 90.69 226.38 209.25 245V327.69h-63V256h63v-54.64c0-62.15 37-96.48 93.67-96.48 27.14 0 55.52 4.84 55.52 4.84v61h-31.28c-30.8 0-40.41 19.12-40.41 38.73V256h68.78l-11 71.69h-57.78V501C413.31 482.38 504 379.78 504 256z\"><\/path><\/svg><span class=\"elementor-screen-only\">Lire plus<\/span><\/div>\t\t\t\t<\/div>\n\t\t\t\t\t\t\t\t\t\t<div class=\"elementor-testimonial__content\">\n\t\t\t\t\t<div class=\"elementor-testimonial__text\">\n\t\t\t\t\t\texcellent service \ud83d\udc4c\t\t\t\t\t<\/div>\n\t\t\t\t<\/div>\n\t\t\t\t\t<\/div>\n\t\t\t\t\t\t\t\t<\/div>\n\t\t\t\t\t\t\t\t\t\t\t<div class=\"swiper-slide\">\n\t\t\t\t\t\t\t\t\t<div class=\"elementor-testimonial elementor-repeater-item-ff575bc\">\n\t\t\t\t\t\t\t<div class=\"elementor-testimonial__header\">\n\t\t\t\t\t\t\t\t\t\t\t<div class=\"elementor-testimonial__image\">\n\t\t\t\t\t\t\t<img decoding=\"async\" src=\"https:\/\/arcars.be\/wp-content\/plugins\/elementor\/assets\/images\/placeholder.png\" alt=\"Angelito Vanhoecke\">\n\t\t\t\t\t\t\t\t\t\t\t\t\t<\/div>\n\t\t\t\t\t\t\t\t\t\t<cite class=\"elementor-testimonial__cite\"><span class=\"elementor-testimonial__name\">Angelito Vanhoecke<\/span><div class=\"elementor-star-rating\"><i class=\"elementor-star-full\">&#xE934;<\/i><i class=\"elementor-star-full\">&#xE934;<\/i><i class=\"elementor-star-full\">&#xE934;<\/i><i class=\"elementor-star-full\">&#xE934;<\/i><i class=\"elementor-star-full\">&#xE934;<\/i><\/div><\/cite>\t\t\t\t\t<div class=\"elementor-testimonial__icon elementor-icon elementor-icon-facebook\"><svg aria-hidden=\"true\" class=\"e-font-icon-svg e-fab-facebook\" viewBox=\"0 0 512 512\" xmlns=\"http:\/\/www.w3.org\/2000\/svg\"><path d=\"M504 256C504 119 393 8 256 8S8 119 8 256c0 123.78 90.69 226.38 209.25 245V327.69h-63V256h63v-54.64c0-62.15 37-96.48 93.67-96.48 27.14 0 55.52 4.84 55.52 4.84v61h-31.28c-30.8 0-40.41 19.12-40.41 38.73V256h68.78l-11 71.69h-57.78V501C413.31 482.38 504 379.78 504 256z\"><\/path><\/svg><span class=\"elementor-screen-only\">Lire plus<\/span><\/div>\t\t\t\t<\/div>\n\t\t\t\t\t\t\t\t\t\t<div class=\"elementor-testimonial__content\">\n\t\t\t\t\t<div class=\"elementor-testimonial__text\">\n\t\t\t\t\t\tUn bon service des prix corrects un bon agent !\t\t\t\t\t<\/div>\n\t\t\t\t<\/div>\n\t\t\t\t\t<\/div>\n\t\t\t\t\t\t\t\t<\/div>\n\t\t\t\t\t\t\t\t\t<\/div>\n\t\t\t\t\t\t\t\t\t\t\t\t\t\t\t<div class=\"swiper-pagination\"><\/div>\n\t\t\t\t\t\t\t\t\t\t\t\t\t\t\t\t\t<\/div>\n\t\t<\/div>\n\t\t\t\t<\/div>\n\t\t\t\t<\/div>\n\t\t\t\t\t<\/div>\n\t\t\t\t<\/div>\n\t\t<div class=\"elementor-element elementor-element-1bdbdde e-flex e-con-boxed e-con e-parent\" data-id=\"1bdbdde\" data-element_type=\"container\">\n\t\t\t\t\t<div class=\"e-con-inner\">\n\t\t\t\t<div class=\"elementor-element elementor-element-5ac4853 elementor-widget elementor-widget-google_maps\" data-id=\"5ac4853\" data-element_type=\"widget\" data-widget_type=\"google_maps.default\">\n\t\t\t\t<div class=\"elementor-widget-container\">\n\t\t\t<style>\/*! elementor - v3.23.0 - 05-08-2024 *\/\n.elementor-widget-google_maps .elementor-widget-container{overflow:hidden}.elementor-widget-google_maps .elementor-custom-embed{line-height:0}.elementor-widget-google_maps iframe{height:300px}<\/style>\t\t<div class=\"elementor-custom-embed\">\n\t\t\t<iframe loading=\"lazy\"\n\t\t\t\t\tsrc=\"https:\/\/maps.google.com\/maps?q=ar%20cars%20oudenaarde&#038;t=m&#038;z=12&#038;output=embed&#038;iwloc=near\"\n\t\t\t\t\ttitle=\"ar cars oudenaarde\"\n\t\t\t\t\taria-label=\"ar cars oudenaarde\"\n\t\t\t><\/iframe>\n\t\t<\/div>\n\t\t\t\t<\/div>\n\t\t\t\t<\/div>\n\t\t\t\t\t<\/div>\n\t\t\t\t<\/div>\n\t\t<div class=\"elementor-element elementor-element-7b9c8ac e-flex e-con-boxed e-con e-parent\" data-id=\"7b9c8ac\" data-element_type=\"container\">\n\t\t\t\t\t<div class=\"e-con-inner\">\n\t\t<div class=\"elementor-element elementor-element-059a541 e-con-full e-flex e-con e-child\" data-id=\"059a541\" data-element_type=\"container\">\n\t\t<div class=\"elementor-element elementor-element-72a7bdf e-con-full e-flex e-con e-child\" data-id=\"72a7bdf\" data-element_type=\"container\">\n\t\t\t\t<\/div>\n\t\t<div class=\"elementor-element elementor-element-d2c8973 e-con-full e-flex e-con e-child\" data-id=\"d2c8973\" data-element_type=\"container\">\n\t\t\t\t<\/div>\n\t\t\t\t<\/div>\n\t\t<div class=\"elementor-element elementor-element-c0cb214 e-con-full e-flex e-con e-child\" data-id=\"c0cb214\" data-element_type=\"container\">\n\t\t<div class=\"elementor-element elementor-element-e60fbc1 e-con-full e-flex e-con e-child\" data-id=\"e60fbc1\" data-element_type=\"container\">\n\t\t\t\t<\/div>\n\t\t<div class=\"elementor-element elementor-element-7455d41 e-con-full e-flex e-con e-child\" data-id=\"7455d41\" data-element_type=\"container\">\n\t\t\t\t<\/div>\n\t\t\t\t<\/div>\n\t\t<div class=\"elementor-element elementor-element-0b8e874 e-con-full e-flex e-con e-child\" data-id=\"0b8e874\" data-element_type=\"container\">\n\t\t<div class=\"elementor-element elementor-element-a3c0e36 e-con-full e-flex e-con e-child\" data-id=\"a3c0e36\" data-element_type=\"container\">\n\t\t\t\t<\/div>\n\t\t<div class=\"elementor-element elementor-element-a837d0b e-con-full e-flex e-con e-child\" data-id=\"a837d0b\" data-element_type=\"container\">\n\t\t\t\t<\/div>\n\t\t\t\t<\/div>\n\t\t\t\t\t<\/div>\n\t\t\t\t<\/div>\n\t\t\t\t<\/div>\n\t\t","protected":false},"excerpt":{"rendered":"<p>Technicien certifi\u00e9 Je suis Arthur, propri\u00e9taire et technicien certifi\u00e9 chez AR CARS. Je m&#8217;engage \u00e0 fournir des services automobiles exceptionnels. Gr\u00e2ce \u00e0 une formation approfondie et \u00e0 une expertise du secteur, je m&#8217;assure que votre v\u00e9hicule re\u00e7oit le plus haut niveau de soins. Qu&#8217;il s&#8217;agisse d&#8217;entretien de routine ou de r\u00e9parations complexes, vous pouvez me [&hellip;]<\/p>\n","protected":false},"author":1,"featured_media":0,"parent":0,"menu_order":0,"comment_status":"closed","ping_status":"closed","template":"page-full-width.php","meta":{"footnotes":""},"class_list":["post-31529","page","type-page","status-publish","hentry"],"jetpack_sharing_enabled":true,"_links":{"self":[{"href":"https:\/\/arcars.be\/fr\/wp-json\/wp\/v2\/pages\/31529","targetHints":{"allow":["GET"]}}],"collection":[{"href":"https:\/\/arcars.be\/fr\/wp-json\/wp\/v2\/pages"}],"about":[{"href":"https:\/\/arcars.be\/fr\/wp-json\/wp\/v2\/types\/page"}],"author":[{"embeddable":true,"href":"https:\/\/arcars.be\/fr\/wp-json\/wp\/v2\/users\/1"}],"replies":[{"embeddable":true,"href":"https:\/\/arcars.be\/fr\/wp-json\/wp\/v2\/comments?post=31529"}],"version-history":[{"count":7,"href":"https:\/\/arcars.be\/fr\/wp-json\/wp\/v2\/pages\/31529\/revisions"}],"predecessor-version":[{"id":31844,"href":"https:\/\/arcars.be\/fr\/wp-json\/wp\/v2\/pages\/31529\/revisions\/31844"}],"wp:attachment":[{"href":"https:\/\/arcars.be\/fr\/wp-json\/wp\/v2\/media?parent=31529"}],"curies":[{"name":"wp","href":"https:\/\/api.w.org\/{rel}","templated":true}]}}