{"id":31550,"date":"2021-11-01T11:46:13","date_gmt":"2021-11-01T10:46:13","guid":{"rendered":"https:\/\/arcars.be\/blog\/"},"modified":"2024-08-28T18:17:15","modified_gmt":"2024-08-28T16:17:15","slug":"blog","status":"publish","type":"page","link":"https:\/\/arcars.be\/fr\/blog\/","title":{"rendered":"Blog"},"content":{"rendered":"\t\t<div data-elementor-type=\"wp-page\" data-elementor-id=\"31550\" class=\"elementor elementor-31550 elementor-398\" data-elementor-post-type=\"page\">\n\t\t\t\t\t\t<section class=\"elementor-section elementor-top-section elementor-element elementor-element-3fc457e elementor-section-boxed elementor-section-height-default elementor-section-height-default qodef-elementor-content-no\" data-id=\"3fc457e\" data-element_type=\"section\">\n\t\t\t\t\t\t<div class=\"elementor-container elementor-column-gap-default\">\n\t\t\t\t\t<div class=\"elementor-column elementor-col-100 elementor-top-column elementor-element elementor-element-13aee8b\" data-id=\"13aee8b\" data-element_type=\"column\">\n\t\t\t<div class=\"elementor-widget-wrap elementor-element-populated\">\n\t\t\t\t\t\t<div class=\"elementor-element elementor-element-1bc83cc elementor-widget elementor-widget-shiftup_core_blog_list\" data-id=\"1bc83cc\" data-element_type=\"widget\" data-widget_type=\"shiftup_core_blog_list.default\">\n\t\t\t\t<div class=\"elementor-widget-container\">\n\t\t\t<div class=\"qodef-shortcode qodef-m  qodef-blog qodef--list qodef-item-layout--standard qodef-grid qodef-layout--columns  qodef-gutter--huge qodef-col-num--1 qodef-item-layout--standard qodef-pagination--on qodef-pagination-type--standard qodef-responsive--predefined\" data-options=\"{&quot;plugin&quot;:&quot;shiftup_core&quot;,&quot;module&quot;:&quot;blog\\\/shortcodes&quot;,&quot;shortcode&quot;:&quot;blog-list&quot;,&quot;post_type&quot;:&quot;post&quot;,&quot;next_page&quot;:&quot;2&quot;,&quot;max_pages_num&quot;:3,&quot;behavior&quot;:&quot;columns&quot;,&quot;images_proportion&quot;:&quot;full&quot;,&quot;columns&quot;:&quot;1&quot;,&quot;columns_responsive&quot;:&quot;predefined&quot;,&quot;space&quot;:&quot;huge&quot;,&quot;posts_per_page&quot;:&quot;5&quot;,&quot;orderby&quot;:&quot;date&quot;,&quot;order&quot;:&quot;ASC&quot;,&quot;additional_params&quot;:&quot;tax&quot;,&quot;tax&quot;:&quot;post_tag&quot;,&quot;tax_slug&quot;:&quot;Blog&quot;,&quot;layout&quot;:&quot;standard&quot;,&quot;title_tag&quot;:&quot;h2&quot;,&quot;excerpt_length&quot;:&quot;260&quot;,&quot;pagination_type&quot;:&quot;standard&quot;,&quot;object_class_name&quot;:&quot;ShiftUpCore_Blog_List_Shortcode&quot;,&quot;taxonomy_filter&quot;:&quot;post_tag&quot;,&quot;additional_query_args&quot;:{&quot;tax_query&quot;:[{&quot;taxonomy&quot;:&quot;post_tag&quot;,&quot;field&quot;:&quot;slug&quot;,&quot;terms&quot;:&quot;Blog&quot;}]},&quot;space_value&quot;:40}\">\n\t\t<div class=\"qodef-grid-inner clear\">\n\t\t<article class=\"qodef-e qodef-blog-item qodef-grid-item qodef-item--full post-31624 post type-post status-publish format-standard has-post-thumbnail hentry category-auto category-bmw-nl category-motor category-reparatie tag-blog-fr tag-bmw-fr tag-chaine-de-distribution tag-moteur tag-reparation\">\n\t<div class=\"qodef-e-inner\">\n\t\t<div class=\"qodef-e-media\">\n\t\t<div class=\"qodef-e-media-image\">\n\t\t<a itemprop=\"url\" href=\"https:\/\/arcars.be\/fr\/le-moteur-bmw-n47-et-la-fameuse-chaine-de-distribution\/\">\n\t\t\t<img fetchpriority=\"high\" decoding=\"async\" width=\"2048\" height=\"1536\" src=\"https:\/\/arcars.be\/wp-content\/uploads\/2021\/10\/WhatsApp-Image-2024-08-06-at-17.44.40_aca1e6e0.jpg\" class=\"attachment-full size-full wp-post-image\" alt=\"\" srcset=\"https:\/\/arcars.be\/wp-content\/uploads\/2021\/10\/WhatsApp-Image-2024-08-06-at-17.44.40_aca1e6e0.jpg 2048w, https:\/\/arcars.be\/wp-content\/uploads\/2021\/10\/WhatsApp-Image-2024-08-06-at-17.44.40_aca1e6e0-300x225.jpg 300w, https:\/\/arcars.be\/wp-content\/uploads\/2021\/10\/WhatsApp-Image-2024-08-06-at-17.44.40_aca1e6e0-1024x768.jpg 1024w, https:\/\/arcars.be\/wp-content\/uploads\/2021\/10\/WhatsApp-Image-2024-08-06-at-17.44.40_aca1e6e0-768x576.jpg 768w, https:\/\/arcars.be\/wp-content\/uploads\/2021\/10\/WhatsApp-Image-2024-08-06-at-17.44.40_aca1e6e0-1536x1152.jpg 1536w, https:\/\/arcars.be\/wp-content\/uploads\/2021\/10\/WhatsApp-Image-2024-08-06-at-17.44.40_aca1e6e0-1320x990.jpg 1320w, https:\/\/arcars.be\/wp-content\/uploads\/2021\/10\/WhatsApp-Image-2024-08-06-at-17.44.40_aca1e6e0-600x450.jpg 600w\" sizes=\"(max-width: 2048px) 100vw, 2048px\" \/>\t\t<\/a>\n\t<\/div>\n<\/div>\n\t\t<div class=\"qodef-e-content\">\n\t\t\t<div class=\"qodef-e-top-holder\">\n\t\t\t\t<div class=\"qodef-e-info\">\n\t\t\t\t\t<a href=\"https:\/\/arcars.be\/category\/auto\/\" rel=\"tag\">Auto<\/a><span class=\"qodef-info-separator-single\"><\/span><a href=\"https:\/\/arcars.be\/category\/auto\/bmw-nl\/\" rel=\"tag\">BMW<\/a><span class=\"qodef-info-separator-single\"><\/span><a href=\"https:\/\/arcars.be\/category\/reparatie\/motor\/\" rel=\"tag\">Motor<\/a><span class=\"qodef-info-separator-single\"><\/span><a href=\"https:\/\/arcars.be\/category\/reparatie\/\" rel=\"tag\">Reparatie<\/a><div class=\"qodef-info-separator-end\"><\/div>\t\t\t\t<\/div>\n\t\t\t<\/div>\n\t\t\t<div class=\"qodef-e-text\">\n\t\t\t\t<h2 itemprop=\"name\" class=\"qodef-e-title entry-title\" >\n\t<a itemprop=\"url\" class=\"qodef-e-title-link\" href=\"https:\/\/arcars.be\/fr\/le-moteur-bmw-n47-et-la-fameuse-chaine-de-distribution\/\">\n\t\tLe moteur BMW N47 et la fameuse cha\u00eene de distribution\t<\/a>\n<\/h2>\n\t\t<p itemprop=\"description\" class=\"qodef-e-excerpt\">Le moteur BMW N47 est r\u00e9put\u00e9 pour ses performances et son efficacit\u00e9, mais il pr\u00e9sente un talon d&#8217;Achille bien connu : la cha\u00eene de distribution. Le hochet qui a tout d\u00e9clench\u00e9 R\u00e9cemment, un client m&#8217;a amen\u00e9 sa BMW en se plaignant d&#8217;<\/p>\n\t\t\t\t\t<\/div>\n\t\t\t<div class=\"qodef-e-bottom-holder\">\n\t\t\t\t<div class=\"qodef-e-left\">\n\t\t\t\t\t\t<div class=\"qodef-e-read-more\">\n\t\t<a class=\"qodef-shortcode qodef-m  qodef-button qodef-layout--filled  qodef-html--link \" href=\"https:\/\/arcars.be\/fr\/le-moteur-bmw-n47-et-la-fameuse-chaine-de-distribution\/\" target=\"_self\"  >\t\t<span class=\"qodef-m-text\">Read More<\/span><\/a>\t<\/div>\n\t\t\t\t<\/div>\n\t\t\t<\/div>\n\t\t<\/div>\n\t<\/div>\n<\/article>\n<article class=\"qodef-e qodef-blog-item qodef-grid-item qodef-item--full post-31511 post type-post status-publish format-standard has-post-thumbnail hentry category-blog-fr category-lentretien category-non-classifiee category-reparation tag-blog-fr tag-entretien-fr tag-services-fr\">\n\t<div class=\"qodef-e-inner\">\n\t\t<div class=\"qodef-e-media\">\n\t\t<div class=\"qodef-e-media-image\">\n\t\t<a itemprop=\"url\" href=\"https:\/\/arcars.be\/fr\/pourquoi-lentretien-regulier-dune-voiture-equivaut-a-un-bilan-de-sante\/\">\n\t\t\t<img decoding=\"async\" width=\"2560\" height=\"1440\" src=\"https:\/\/arcars.be\/wp-content\/uploads\/2024\/07\/2024_0630_18030300-scaled.jpg\" class=\"attachment-full size-full wp-post-image\" alt=\"\" srcset=\"https:\/\/arcars.be\/wp-content\/uploads\/2024\/07\/2024_0630_18030300-scaled.jpg 2560w, https:\/\/arcars.be\/wp-content\/uploads\/2024\/07\/2024_0630_18030300-300x169.jpg 300w, https:\/\/arcars.be\/wp-content\/uploads\/2024\/07\/2024_0630_18030300-1024x576.jpg 1024w, https:\/\/arcars.be\/wp-content\/uploads\/2024\/07\/2024_0630_18030300-768x432.jpg 768w, https:\/\/arcars.be\/wp-content\/uploads\/2024\/07\/2024_0630_18030300-1536x864.jpg 1536w, https:\/\/arcars.be\/wp-content\/uploads\/2024\/07\/2024_0630_18030300-2048x1152.jpg 2048w, https:\/\/arcars.be\/wp-content\/uploads\/2024\/07\/2024_0630_18030300-600x338.jpg 600w\" sizes=\"(max-width: 2560px) 100vw, 2560px\" \/>\t\t<\/a>\n\t<\/div>\n<\/div>\n\t\t<div class=\"qodef-e-content\">\n\t\t\t<div class=\"qodef-e-top-holder\">\n\t\t\t\t<div class=\"qodef-e-info\">\n\t\t\t\t\t<a href=\"https:\/\/arcars.be\/fr\/category\/blog-fr\/\" rel=\"tag\">Blog<\/a><span class=\"qodef-info-separator-single\"><\/span><a href=\"https:\/\/arcars.be\/fr\/category\/lentretien\/\" rel=\"tag\">l'entretien<\/a><span class=\"qodef-info-separator-single\"><\/span><a href=\"https:\/\/arcars.be\/fr\/category\/non-classifiee\/\" rel=\"tag\">Non classifi\u00e9(e)<\/a><span class=\"qodef-info-separator-single\"><\/span><a href=\"https:\/\/arcars.be\/fr\/category\/reparation\/\" rel=\"tag\">R\u00e9paration<\/a><div class=\"qodef-info-separator-end\"><\/div>\t\t\t\t<\/div>\n\t\t\t<\/div>\n\t\t\t<div class=\"qodef-e-text\">\n\t\t\t\t<h2 itemprop=\"name\" class=\"qodef-e-title entry-title\" >\n\t<a itemprop=\"url\" class=\"qodef-e-title-link\" href=\"https:\/\/arcars.be\/fr\/pourquoi-lentretien-regulier-dune-voiture-equivaut-a-un-bilan-de-sante\/\">\n\t\tPourquoi l&#8217;entretien r\u00e9gulier d&#8217;une voiture \u00e9quivaut \u00e0 un bilan de sant\u00e9 ?\t<\/a>\n<\/h2>\n\t\t<p itemprop=\"description\" class=\"qodef-e-excerpt\">Introduction : Tout propri\u00e9taire de voiture sait qu&#8217;un entretien r\u00e9gulier est essentiel, mais combien d&#8217;entre nous s&#8217;en tiennent r\u00e9ellement \u00e0 un calendrier ? Tout comme votre sant\u00e9, votre voiture a besoin de contr\u00f4les r\u00e9guliers pour \u00e9<\/p>\n\t\t\t\t\t<\/div>\n\t\t\t<div class=\"qodef-e-bottom-holder\">\n\t\t\t\t<div class=\"qodef-e-left\">\n\t\t\t\t\t\t<div class=\"qodef-e-read-more\">\n\t\t<a class=\"qodef-shortcode qodef-m  qodef-button qodef-layout--filled  qodef-html--link \" href=\"https:\/\/arcars.be\/fr\/pourquoi-lentretien-regulier-dune-voiture-equivaut-a-un-bilan-de-sante\/\" target=\"_self\"  >\t\t<span class=\"qodef-m-text\">Read More<\/span><\/a>\t<\/div>\n\t\t\t\t<\/div>\n\t\t\t<\/div>\n\t\t<\/div>\n\t<\/div>\n<\/article>\n<article class=\"qodef-e qodef-blog-item qodef-grid-item qodef-item--full post-31610 post type-post status-publish format-standard has-post-thumbnail hentry category-blog-fr category-freins category-lentretien category-reparation category-voiture tag-blog-fr tag-entretien tag-freins tag-reparation\">\n\t<div class=\"qodef-e-inner\">\n\t\t<div class=\"qodef-e-media\">\n\t\t<div class=\"qodef-e-media-image\">\n\t\t<a itemprop=\"url\" href=\"https:\/\/arcars.be\/fr\/comprendre-les-signes-indiquant-que-vos-freins-ont-besoin-de-lattention-dun-professionnel-ne-prenez-pas-de-risque\/\">\n\t\t\t<img decoding=\"async\" width=\"2560\" height=\"1440\" src=\"https:\/\/arcars.be\/wp-content\/uploads\/2024\/07\/2024_0630_15595000-scaled.jpg\" class=\"attachment-full size-full wp-post-image\" alt=\"\" srcset=\"https:\/\/arcars.be\/wp-content\/uploads\/2024\/07\/2024_0630_15595000-scaled.jpg 2560w, https:\/\/arcars.be\/wp-content\/uploads\/2024\/07\/2024_0630_15595000-300x169.jpg 300w, https:\/\/arcars.be\/wp-content\/uploads\/2024\/07\/2024_0630_15595000-1024x576.jpg 1024w, https:\/\/arcars.be\/wp-content\/uploads\/2024\/07\/2024_0630_15595000-768x432.jpg 768w, https:\/\/arcars.be\/wp-content\/uploads\/2024\/07\/2024_0630_15595000-1536x864.jpg 1536w, https:\/\/arcars.be\/wp-content\/uploads\/2024\/07\/2024_0630_15595000-2048x1152.jpg 2048w, https:\/\/arcars.be\/wp-content\/uploads\/2024\/07\/2024_0630_15595000-600x338.jpg 600w\" sizes=\"(max-width: 2560px) 100vw, 2560px\" \/>\t\t<\/a>\n\t<\/div>\n<\/div>\n\t\t<div class=\"qodef-e-content\">\n\t\t\t<div class=\"qodef-e-top-holder\">\n\t\t\t\t<div class=\"qodef-e-info\">\n\t\t\t\t\t<a href=\"https:\/\/arcars.be\/fr\/category\/blog-fr\/\" rel=\"tag\">Blog<\/a><span class=\"qodef-info-separator-single\"><\/span><a href=\"https:\/\/arcars.be\/fr\/category\/reparation\/freins\/\" rel=\"tag\">freins<\/a><span class=\"qodef-info-separator-single\"><\/span><a href=\"https:\/\/arcars.be\/fr\/category\/lentretien\/\" rel=\"tag\">l'entretien<\/a><span class=\"qodef-info-separator-single\"><\/span><a href=\"https:\/\/arcars.be\/fr\/category\/reparation\/\" rel=\"tag\">R\u00e9paration<\/a><span class=\"qodef-info-separator-single\"><\/span><a href=\"https:\/\/arcars.be\/fr\/category\/voiture\/\" rel=\"tag\">Voiture<\/a><div class=\"qodef-info-separator-end\"><\/div>\t\t\t\t<\/div>\n\t\t\t<\/div>\n\t\t\t<div class=\"qodef-e-text\">\n\t\t\t\t<h2 itemprop=\"name\" class=\"qodef-e-title entry-title\" >\n\t<a itemprop=\"url\" class=\"qodef-e-title-link\" href=\"https:\/\/arcars.be\/fr\/comprendre-les-signes-indiquant-que-vos-freins-ont-besoin-de-lattention-dun-professionnel-ne-prenez-pas-de-risque\/\">\n\t\tComprendre les signes indiquant que vos freins ont besoin de l&#8217;attention d&#8217;un professionnel : Ne prenez pas de risque\t<\/a>\n<\/h2>\n\t\t<p itemprop=\"description\" class=\"qodef-e-excerpt\">Introduction : Les freins sont sans doute le dispositif de s\u00e9curit\u00e9 le plus important de votre v\u00e9hicule. Pourtant, ils sont souvent n\u00e9glig\u00e9s jusqu&#8217;\u00e0 ce qu&#8217;un probl\u00e8me grave survienne. Chez AR CARS, nous insistons sur l&#8217;importance de l&amp;<\/p>\n\t\t\t\t\t<\/div>\n\t\t\t<div class=\"qodef-e-bottom-holder\">\n\t\t\t\t<div class=\"qodef-e-left\">\n\t\t\t\t\t\t<div class=\"qodef-e-read-more\">\n\t\t<a class=\"qodef-shortcode qodef-m  qodef-button qodef-layout--filled  qodef-html--link \" href=\"https:\/\/arcars.be\/fr\/comprendre-les-signes-indiquant-que-vos-freins-ont-besoin-de-lattention-dun-professionnel-ne-prenez-pas-de-risque\/\" target=\"_self\"  >\t\t<span class=\"qodef-m-text\">Read More<\/span><\/a>\t<\/div>\n\t\t\t\t<\/div>\n\t\t\t<\/div>\n\t\t<\/div>\n\t<\/div>\n<\/article>\n<article class=\"qodef-e qodef-blog-item qodef-grid-item qodef-item--full post-31630 post type-post status-publish format-standard has-post-thumbnail hentry category-blog-fr category-lentretien category-voiture tag-blog-fr tag-entretien tag-pneus\">\n\t<div class=\"qodef-e-inner\">\n\t\t<div class=\"qodef-e-media\">\n\t\t<div class=\"qodef-e-media-image\">\n\t\t<a itemprop=\"url\" href=\"https:\/\/arcars.be\/fr\/le-guide-complet-de-lentretien-des-pneus-comment-prolonger-la-duree-de-vie-de-vos-pneus\/\">\n\t\t\t<img loading=\"lazy\" decoding=\"async\" width=\"2560\" height=\"1440\" src=\"https:\/\/arcars.be\/wp-content\/uploads\/2024\/07\/2024_0630_17453100-scaled.jpg\" class=\"attachment-full size-full wp-post-image\" alt=\"\" srcset=\"https:\/\/arcars.be\/wp-content\/uploads\/2024\/07\/2024_0630_17453100-scaled.jpg 2560w, https:\/\/arcars.be\/wp-content\/uploads\/2024\/07\/2024_0630_17453100-300x169.jpg 300w, https:\/\/arcars.be\/wp-content\/uploads\/2024\/07\/2024_0630_17453100-1024x576.jpg 1024w, https:\/\/arcars.be\/wp-content\/uploads\/2024\/07\/2024_0630_17453100-768x432.jpg 768w, https:\/\/arcars.be\/wp-content\/uploads\/2024\/07\/2024_0630_17453100-1536x864.jpg 1536w, https:\/\/arcars.be\/wp-content\/uploads\/2024\/07\/2024_0630_17453100-2048x1152.jpg 2048w, https:\/\/arcars.be\/wp-content\/uploads\/2024\/07\/2024_0630_17453100-600x338.jpg 600w\" sizes=\"(max-width: 2560px) 100vw, 2560px\" \/>\t\t<\/a>\n\t<\/div>\n<\/div>\n\t\t<div class=\"qodef-e-content\">\n\t\t\t<div class=\"qodef-e-top-holder\">\n\t\t\t\t<div class=\"qodef-e-info\">\n\t\t\t\t\t<a href=\"https:\/\/arcars.be\/fr\/category\/blog-fr\/\" rel=\"tag\">Blog<\/a><span class=\"qodef-info-separator-single\"><\/span><a href=\"https:\/\/arcars.be\/fr\/category\/lentretien\/\" rel=\"tag\">l'entretien<\/a><span class=\"qodef-info-separator-single\"><\/span><a href=\"https:\/\/arcars.be\/fr\/category\/voiture\/\" rel=\"tag\">Voiture<\/a><div class=\"qodef-info-separator-end\"><\/div>\t\t\t\t<\/div>\n\t\t\t<\/div>\n\t\t\t<div class=\"qodef-e-text\">\n\t\t\t\t<h2 itemprop=\"name\" class=\"qodef-e-title entry-title\" >\n\t<a itemprop=\"url\" class=\"qodef-e-title-link\" href=\"https:\/\/arcars.be\/fr\/le-guide-complet-de-lentretien-des-pneus-comment-prolonger-la-duree-de-vie-de-vos-pneus\/\">\n\t\tLe guide complet de l&#8217;entretien des pneus : comment prolonger la dur\u00e9e de vie de vos pneus\t<\/a>\n<\/h2>\n\t\t<p itemprop=\"description\" class=\"qodef-e-excerpt\">Introduction : Les pneus sont les h\u00e9ros m\u00e9connus de votre v\u00e9hicule. C&#8217;est la seule partie de votre voiture qui entre en contact avec la route, mais c&#8217;est souvent celle qui re\u00e7oit le moins d&#8217;attention. Un bon entretien des pneus est essent<\/p>\n\t\t\t\t\t<\/div>\n\t\t\t<div class=\"qodef-e-bottom-holder\">\n\t\t\t\t<div class=\"qodef-e-left\">\n\t\t\t\t\t\t<div class=\"qodef-e-read-more\">\n\t\t<a class=\"qodef-shortcode qodef-m  qodef-button qodef-layout--filled  qodef-html--link \" href=\"https:\/\/arcars.be\/fr\/le-guide-complet-de-lentretien-des-pneus-comment-prolonger-la-duree-de-vie-de-vos-pneus\/\" target=\"_self\"  >\t\t<span class=\"qodef-m-text\">Read More<\/span><\/a>\t<\/div>\n\t\t\t\t<\/div>\n\t\t\t<\/div>\n\t\t<\/div>\n\t<\/div>\n<\/article>\n<article class=\"qodef-e qodef-blog-item qodef-grid-item qodef-item--full post-31620 post type-post status-publish format-standard has-post-thumbnail hentry category-auto category-blog-nl category-onderhoud category-reparatie tag-blog-fr tag-entretien tag-pieces\">\n\t<div class=\"qodef-e-inner\">\n\t\t<div class=\"qodef-e-media\">\n\t\t<div class=\"qodef-e-media-image\">\n\t\t<a itemprop=\"url\" href=\"https:\/\/arcars.be\/fr\/les-avantages-de-lutilisation-de-pieces-dorigine-pour-les-reparations-automobiles-pourquoi-la-qualite-est-importante\/\">\n\t\t\t<img loading=\"lazy\" decoding=\"async\" width=\"2560\" height=\"1440\" src=\"https:\/\/arcars.be\/wp-content\/uploads\/2024\/07\/2024_0630_16583600-scaled.jpg\" class=\"attachment-full size-full wp-post-image\" alt=\"\" srcset=\"https:\/\/arcars.be\/wp-content\/uploads\/2024\/07\/2024_0630_16583600-scaled.jpg 2560w, https:\/\/arcars.be\/wp-content\/uploads\/2024\/07\/2024_0630_16583600-300x169.jpg 300w, https:\/\/arcars.be\/wp-content\/uploads\/2024\/07\/2024_0630_16583600-1024x576.jpg 1024w, https:\/\/arcars.be\/wp-content\/uploads\/2024\/07\/2024_0630_16583600-768x432.jpg 768w, https:\/\/arcars.be\/wp-content\/uploads\/2024\/07\/2024_0630_16583600-1536x864.jpg 1536w, https:\/\/arcars.be\/wp-content\/uploads\/2024\/07\/2024_0630_16583600-2048x1152.jpg 2048w, https:\/\/arcars.be\/wp-content\/uploads\/2024\/07\/2024_0630_16583600-600x338.jpg 600w\" sizes=\"(max-width: 2560px) 100vw, 2560px\" \/>\t\t<\/a>\n\t<\/div>\n<\/div>\n\t\t<div class=\"qodef-e-content\">\n\t\t\t<div class=\"qodef-e-top-holder\">\n\t\t\t\t<div class=\"qodef-e-info\">\n\t\t\t\t\t<a href=\"https:\/\/arcars.be\/category\/auto\/\" rel=\"tag\">Auto<\/a><span class=\"qodef-info-separator-single\"><\/span><a href=\"https:\/\/arcars.be\/category\/blog-nl\/\" rel=\"tag\">Blog<\/a><span class=\"qodef-info-separator-single\"><\/span><a href=\"https:\/\/arcars.be\/category\/onderhoud\/\" rel=\"tag\">onderhoud<\/a><span class=\"qodef-info-separator-single\"><\/span><a href=\"https:\/\/arcars.be\/category\/reparatie\/\" rel=\"tag\">Reparatie<\/a><div class=\"qodef-info-separator-end\"><\/div>\t\t\t\t<\/div>\n\t\t\t<\/div>\n\t\t\t<div class=\"qodef-e-text\">\n\t\t\t\t<h2 itemprop=\"name\" class=\"qodef-e-title entry-title\" >\n\t<a itemprop=\"url\" class=\"qodef-e-title-link\" href=\"https:\/\/arcars.be\/fr\/les-avantages-de-lutilisation-de-pieces-dorigine-pour-les-reparations-automobiles-pourquoi-la-qualite-est-importante\/\">\n\t\tLes avantages de l&#8217;utilisation de pi\u00e8ces d&#8217;origine pour les r\u00e9parations automobiles : Pourquoi la qualit\u00e9 est importante\t<\/a>\n<\/h2>\n\t\t<p itemprop=\"description\" class=\"qodef-e-excerpt\">Introduction : Lorsqu&#8217;il s&#8217;agit de r\u00e9parations automobiles, les pi\u00e8ces utilis\u00e9es peuvent faire une diff\u00e9rence significative dans les performances et la long\u00e9vit\u00e9 de votre v\u00e9hicule. Bien que les pi\u00e8ces de rechange soient souvent moins ch\u00e8re<\/p>\n\t\t\t\t\t<\/div>\n\t\t\t<div class=\"qodef-e-bottom-holder\">\n\t\t\t\t<div class=\"qodef-e-left\">\n\t\t\t\t\t\t<div class=\"qodef-e-read-more\">\n\t\t<a class=\"qodef-shortcode qodef-m  qodef-button qodef-layout--filled  qodef-html--link \" href=\"https:\/\/arcars.be\/fr\/les-avantages-de-lutilisation-de-pieces-dorigine-pour-les-reparations-automobiles-pourquoi-la-qualite-est-importante\/\" target=\"_self\"  >\t\t<span class=\"qodef-m-text\">Read More<\/span><\/a>\t<\/div>\n\t\t\t\t<\/div>\n\t\t\t<\/div>\n\t\t<\/div>\n\t<\/div>\n<\/article>\n\t<\/div>\n\t\t<div class=\"qodef-m-pagination qodef--standard\">\n\t\t<div class=\"qodef-m-pagination-inner\">\n\t\t\t<nav class=\"qodef-m-pagination-items\">\n\t\t\t\t<a class=\"qodef-m-pagination-item qodef--prev qodef--hide\" href=\"#\" data-paged=\"1\">\n\t\t\t\t\t<svg class=\"qodef-svg--pagination-arrow-left\" xmlns=\"http:\/\/www.w3.org\/2000\/svg\" width=\"26\" height=\"24.042\"><g transform=\"translate(-20 -20)\"><rect width=\"17\" height=\"2\" transform=\"translate(21.414 30.607) rotate(45)\" \/><rect width=\"25\" height=\"2\" transform=\"translate(21 31.021)\" \/><rect width=\"17\" height=\"2\" transform=\"translate(20 32.021) rotate(-45)\" \/><\/g><\/svg>\t\t\t\t<\/a>\n\t\t\t\t\t\t\t\t\t<a class=\"qodef-m-pagination-item qodef--number qodef--number-1 qodef--active qodef-prev--hidden\" href=\"#\" data-paged=\"1\">01<\/a>\n\t\t\t\t\t\t\t\t\t\t\t\t\t\t<a class=\"qodef-m-pagination-item qodef--number qodef--number-2 \" href=\"#\" data-paged=\"2\">02<\/a>\n\t\t\t\t\t\t\t\t\t\t\t\t\t\t<a class=\"qodef-m-pagination-item qodef--number qodef--number-3 \" href=\"#\" data-paged=\"3\">03<\/a>\n\t\t\t\t\t\t\t\t\t\t\t\t\t<a class=\"qodef-m-pagination-item qodef--next \" href=\"#\" data-paged=\"2\">\n\t\t\t\t\t<svg class=\"qodef-svg--pagination-arrow-right\" xmlns=\"http:\/\/www.w3.org\/2000\/svg\" width=\"26\" height=\"24.042\"><g transform=\"translate(-20 -20)\"><rect width=\"17\" height=\"2\" transform=\"translate(21.414 30.607) rotate(45)\" \/><rect width=\"25\" height=\"2\" transform=\"translate(21 31.021)\" \/><rect width=\"17\" height=\"2\" transform=\"translate(20 32.021) rotate(-45)\" \/><\/g><\/svg>\t\t\t\t<\/a>\n\t\t\t<\/nav>\n\t\t<\/div>\n\t<\/div>\n\t<svg class=\"qodef-svg--spinner qodef-m-pagination-spinner\" xmlns=\"http:\/\/www.w3.org\/2000\/svg\" width=\"512\" height=\"512\" viewBox=\"0 0 512 512\"><path d=\"M304 48c0 26.51-21.49 48-48 48s-48-21.49-48-48 21.49-48 48-48 48 21.49 48 48zm-48 368c-26.51 0-48 21.49-48 48s21.49 48 48 48 48-21.49 48-48-21.49-48-48-48zm208-208c-26.51 0-48 21.49-48 48s21.49 48 48 48 48-21.49 48-48-21.49-48-48-48zM96 256c0-26.51-21.49-48-48-48S0 229.49 0 256s21.49 48 48 48 48-21.49 48-48zm12.922 99.078c-26.51 0-48 21.49-48 48s21.49 48 48 48 48-21.49 48-48c0-26.509-21.491-48-48-48zm294.156 0c-26.51 0-48 21.49-48 48s21.49 48 48 48 48-21.49 48-48c0-26.509-21.49-48-48-48zM108.922 60.922c-26.51 0-48 21.49-48 48s21.49 48 48 48 48-21.49 48-48-21.491-48-48-48z\"><\/path><\/svg><\/div>\n\t\t<\/div>\n\t\t\t\t<\/div>\n\t\t\t\t\t<\/div>\n\t\t<\/div>\n\t\t\t\t\t<\/div>\n\t\t<\/section>\n\t\t\t\t<\/div>\n\t\t","protected":false},"excerpt":{"rendered":"<p>BMWCarEngineRepair BMW N47 Engine and the Notorious Timing Chain The BMW N47 engine is well-regarded for its performance and efficiency, but it comes with a well-known Achilles\u2019 heel\u2014the timing chain. The Rattle That Started It All Recently, I had a client bring in their BMW, complaining about a distinct rattle emanatin Read More<\/p>\n","protected":false},"author":1,"featured_media":0,"parent":0,"menu_order":0,"comment_status":"closed","ping_status":"closed","template":"","meta":{"footnotes":""},"class_list":["post-31550","page","type-page","status-publish","hentry"],"jetpack_sharing_enabled":true,"_links":{"self":[{"href":"https:\/\/arcars.be\/fr\/wp-json\/wp\/v2\/pages\/31550","targetHints":{"allow":["GET"]}}],"collection":[{"href":"https:\/\/arcars.be\/fr\/wp-json\/wp\/v2\/pages"}],"about":[{"href":"https:\/\/arcars.be\/fr\/wp-json\/wp\/v2\/types\/page"}],"author":[{"embeddable":true,"href":"https:\/\/arcars.be\/fr\/wp-json\/wp\/v2\/users\/1"}],"replies":[{"embeddable":true,"href":"https:\/\/arcars.be\/fr\/wp-json\/wp\/v2\/comments?post=31550"}],"version-history":[{"count":3,"href":"https:\/\/arcars.be\/fr\/wp-json\/wp\/v2\/pages\/31550\/revisions"}],"predecessor-version":[{"id":31848,"href":"https:\/\/arcars.be\/fr\/wp-json\/wp\/v2\/pages\/31550\/revisions\/31848"}],"wp:attachment":[{"href":"https:\/\/arcars.be\/fr\/wp-json\/wp\/v2\/media?parent=31550"}],"curies":[{"name":"wp","href":"https:\/\/api.w.org\/{rel}","templated":true}]}}